{"id":286,"date":"2023-10-06T13:32:04","date_gmt":"2023-10-06T12:32:04","guid":{"rendered":"https:\/\/sta.electrosystem.com\/?page_id=286"},"modified":"2023-10-13T10:50:43","modified_gmt":"2023-10-13T09:50:43","slug":"certificazioni","status":"publish","type":"page","link":"https:\/\/manage-siti.novomatic.it\/?page_id=286","title":{"rendered":"Certificazioni"},"content":{"rendered":"\t\t<div data-elementor-type=\"wp-page\" data-elementor-id=\"286\" class=\"elementor elementor-286\" data-elementor-post-type=\"page\">\n\t\t\t\t<div class=\"elementor-element elementor-element-24c8149 e-con-full e-flex e-con e-parent\" data-id=\"24c8149\" data-element_type=\"container\" data-e-type=\"container\" data-settings=\"{&quot;background_background&quot;:&quot;classic&quot;}\">\n\t\t\t\t<div class=\"elementor-element elementor-element-b6a71f6 elementor-widget elementor-widget-heading\" data-id=\"b6a71f6\" data-element_type=\"widget\" data-e-type=\"widget\" data-widget_type=\"heading.default\">\n\t\t\t\t<div class=\"elementor-widget-container\">\n\t\t\t\t\t<h1 class=\"elementor-heading-title elementor-size-default\">Certificazioni<\/h1>\t\t\t\t<\/div>\n\t\t\t\t<\/div>\n\t\t\t\t<div class=\"elementor-element elementor-element-cbea6df elementor-widget elementor-widget-heading\" data-id=\"cbea6df\" data-element_type=\"widget\" data-e-type=\"widget\" data-widget_type=\"heading.default\">\n\t\t\t\t<div class=\"elementor-widget-container\">\n\t\t\t\t\t<h6 class=\"elementor-heading-title elementor-size-default\">Lorem ipsum dolor sit amet, consectetur adipiscing elit, sed do eiusmod tempor\nincididuntut<\/h6>\t\t\t\t<\/div>\n\t\t\t\t<\/div>\n\t\t\t\t<\/div>\n\t\t<div class=\"elementor-element elementor-element-1791def e-flex e-con-boxed e-con e-parent\" data-id=\"1791def\" data-element_type=\"container\" data-e-type=\"container\">\n\t\t\t\t\t<div class=\"e-con-inner\">\n\t\t<div class=\"elementor-element elementor-element-b04d6a9 e-con-full e-flex e-con e-child\" data-id=\"b04d6a9\" data-element_type=\"container\" data-e-type=\"container\">\n\t\t\t\t<div class=\"elementor-element elementor-element-045310c elementor-widget elementor-widget-text-editor\" data-id=\"045310c\" data-element_type=\"widget\" data-e-type=\"widget\" data-widget_type=\"text-editor.default\">\n\t\t\t\t<div class=\"elementor-widget-container\">\n\t\t\t\t\t\t\t\t\t<p><strong>LE NOSTRE CERTIFICAZIONI<\/strong><\/p><p>Qualit\u00e0 e Sostenibilit\u00e0 sono messi al centro di tutti i processi aziendali.\u00a0<\/p><p>Siamo certificati UNI EN ISO 9001:2015 con registrazione N. 5928-A.<\/p><p>\u00a0<\/p><p><strong>LA SOSTENIBILITA&#8217;<\/strong><\/p><p>Il processo produttivo del nostro stabilimento \u00e8 alimentato anche con energia elettrica autoprodotta con impianto fotovoltaico da 98Kwp.<\/p><ul><li>Energia prodotta media: 110.000 Kwh\/anno;<\/li><li>Risparmio CO2: 58 tonnellate\/anno<\/li><li>Nr di alberi equivalenti: 1.500.<\/li><\/ul>\t\t\t\t\t\t\t\t<\/div>\n\t\t\t\t<\/div>\n\t\t\t\t<\/div>\n\t\t<div class=\"elementor-element elementor-element-b000522 e-con-full e-flex e-con e-child\" data-id=\"b000522\" data-element_type=\"container\" data-e-type=\"container\">\n\t\t\t\t<div class=\"elementor-element elementor-element-74102bb elementor-widget elementor-widget-image\" data-id=\"74102bb\" data-element_type=\"widget\" data-e-type=\"widget\" data-widget_type=\"image.default\">\n\t\t\t\t<div class=\"elementor-widget-container\">\n\t\t\t\t\t\t\t\t\t\t\t\t\t\t\t<img fetchpriority=\"high\" decoding=\"async\" width=\"2048\" height=\"1024\" src=\"https:\/\/manage-siti.novomatic.it\/wp-content\/uploads\/2023\/10\/AdobeStock_607525562_GREEN.jpeg\" class=\"attachment-full size-full wp-image-294\" alt=\"\" srcset=\"https:\/\/manage-siti.novomatic.it\/wp-content\/uploads\/2023\/10\/AdobeStock_607525562_GREEN.jpeg 2048w, https:\/\/manage-siti.novomatic.it\/wp-content\/uploads\/2023\/10\/AdobeStock_607525562_GREEN-300x150.jpeg 300w, https:\/\/manage-siti.novomatic.it\/wp-content\/uploads\/2023\/10\/AdobeStock_607525562_GREEN-1024x512.jpeg 1024w, https:\/\/manage-siti.novomatic.it\/wp-content\/uploads\/2023\/10\/AdobeStock_607525562_GREEN-768x384.jpeg 768w, https:\/\/manage-siti.novomatic.it\/wp-content\/uploads\/2023\/10\/AdobeStock_607525562_GREEN-1536x768.jpeg 1536w\" sizes=\"(max-width: 2048px) 100vw, 2048px\" \/>\t\t\t\t\t\t\t\t\t\t\t\t\t\t\t<\/div>\n\t\t\t\t<\/div>\n\t\t\t\t<\/div>\n\t\t\t\t\t<\/div>\n\t\t\t\t<\/div>\n\t\t<div class=\"elementor-element elementor-element-26f62b4 e-con-full e-flex e-con e-parent\" data-id=\"26f62b4\" data-element_type=\"container\" data-e-type=\"container\" data-settings=\"{&quot;background_background&quot;:&quot;classic&quot;}\">\n\t\t<div class=\"elementor-element elementor-element-d02ee1f e-con-full e-flex e-con e-child\" data-id=\"d02ee1f\" data-element_type=\"container\" data-e-type=\"container\" data-settings=\"{&quot;background_background&quot;:&quot;classic&quot;}\">\n\t\t\t\t<div class=\"elementor-element elementor-element-6febc16 elementor-widget__width-initial elementor-widget elementor-widget-text-editor\" data-id=\"6febc16\" data-element_type=\"widget\" data-e-type=\"widget\" data-widget_type=\"text-editor.default\">\n\t\t\t\t<div class=\"elementor-widget-container\">\n\t\t\t\t\t\t\t\t\t<p>Tra i nostri punti di forza maggiori c\u2019\u00e8 senza dubbio la velocit\u00e0. Ecco perch\u00e9 per la produzione di circuiti stampati pcb abbiamo predisposto un servizio di preventivo rapido e gratuito, grazie al quale puoi ricevere una quotazione tempestiva. Puoi approfittare inoltre della campionatura urgente e della stampa di circuiti PCB in sole 24 ore.<\/p>\t\t\t\t\t\t\t\t<\/div>\n\t\t\t\t<\/div>\n\t\t\t\t<div class=\"elementor-element elementor-element-ce0bcce elementor-align-center elementor-widget elementor-widget-button\" data-id=\"ce0bcce\" data-element_type=\"widget\" data-e-type=\"widget\" data-widget_type=\"button.default\">\n\t\t\t\t<div class=\"elementor-widget-container\">\n\t\t\t\t\t\t\t\t\t<div class=\"elementor-button-wrapper\">\n\t\t\t\t\t<a class=\"elementor-button elementor-button-link elementor-size-sm\" href=\"#\">\n\t\t\t\t\t\t<span class=\"elementor-button-content-wrapper\">\n\t\t\t\t\t\t\t\t\t<span class=\"elementor-button-text\">RICHIEDI UN PREVENTIVO<\/span>\n\t\t\t\t\t<\/span>\n\t\t\t\t\t<\/a>\n\t\t\t\t<\/div>\n\t\t\t\t\t\t\t\t<\/div>\n\t\t\t\t<\/div>\n\t\t\t\t<\/div>\n\t\t\t\t<\/div>\n\t\t\t\t<\/div>\n\t\t","protected":false},"excerpt":{"rendered":"<p>\/*! elementor &#8211; v3.16.0 &#8211; 09-10-2023 *\/ .elementor-heading-title{padding:0;margin:0;line-height:1}.elementor-widget-heading .elementor-heading-title[class*=elementor-size-]&gt;a{color:inherit;font-size:inherit;line-height:inherit}.elementor-widget-heading .elementor-heading-title.elementor-size-small{font-size:15px}.elementor-widget-heading .elementor-heading-title.elementor-size-medium{font-size:19px}.elementor-widget-heading .elementor-heading-title.elementor-size-large{font-size:29px}.elementor-widget-heading .elementor-heading-title.elementor-size-xl{font-size:39px}.elementor-widget-heading .elementor-heading-title.elementor-size-xxl{font-size:59px} Certificazioni Lorem ipsum dolor sit amet, consectetur adipiscing elit, sed do eiusmod tempor incididuntut LE NOSTRE CERTIFICAZIONI Qualit\u00e0 e Sostenibilit\u00e0 sono messi al centro di tutti i processi aziendali.\u00a0 Siamo certificati UNI EN ISO 9001:2015 con registrazione N. 5928-A. \u00a0 LA [&hellip;]<\/p>\n","protected":false},"author":3,"featured_media":0,"parent":0,"menu_order":0,"comment_status":"closed","ping_status":"closed","template":"","meta":{"_monsterinsights_skip_tracking":false,"_monsterinsights_sitenote_active":false,"_monsterinsights_sitenote_note":"","_monsterinsights_sitenote_category":0,"footnotes":""},"class_list":["post-286","page","type-page","status-publish","hentry"],"_links":{"self":[{"href":"https:\/\/manage-siti.novomatic.it\/index.php?rest_route=\/wp\/v2\/pages\/286","targetHints":{"allow":["GET"]}}],"collection":[{"href":"https:\/\/manage-siti.novomatic.it\/index.php?rest_route=\/wp\/v2\/pages"}],"about":[{"href":"https:\/\/manage-siti.novomatic.it\/index.php?rest_route=\/wp\/v2\/types\/page"}],"author":[{"embeddable":true,"href":"https:\/\/manage-siti.novomatic.it\/index.php?rest_route=\/wp\/v2\/users\/3"}],"replies":[{"embeddable":true,"href":"https:\/\/manage-siti.novomatic.it\/index.php?rest_route=%2Fwp%2Fv2%2Fcomments&post=286"}],"version-history":[{"count":16,"href":"https:\/\/manage-siti.novomatic.it\/index.php?rest_route=\/wp\/v2\/pages\/286\/revisions"}],"predecessor-version":[{"id":412,"href":"https:\/\/manage-siti.novomatic.it\/index.php?rest_route=\/wp\/v2\/pages\/286\/revisions\/412"}],"wp:attachment":[{"href":"https:\/\/manage-siti.novomatic.it\/index.php?rest_route=%2Fwp%2Fv2%2Fmedia&parent=286"}],"curies":[{"name":"wp","href":"https:\/\/api.w.org\/{rel}","templated":true}]}}