{"id":24,"date":"2023-10-04T09:38:16","date_gmt":"2023-10-04T08:38:16","guid":{"rendered":"https:\/\/sta.electrosystem.com\/?page_id=24"},"modified":"2023-10-13T10:53:16","modified_gmt":"2023-10-13T09:53:16","slug":"chi-siamo","status":"publish","type":"page","link":"https:\/\/manage-siti.novomatic.it\/?page_id=24","title":{"rendered":"Chi siamo"},"content":{"rendered":"\t\t<div data-elementor-type=\"wp-page\" data-elementor-id=\"24\" class=\"elementor elementor-24\" data-elementor-post-type=\"page\">\n\t\t\t\t<div class=\"elementor-element elementor-element-2a45e40 e-con-full e-flex e-con e-parent\" data-id=\"2a45e40\" data-element_type=\"container\" data-e-type=\"container\" data-settings=\"{&quot;background_background&quot;:&quot;classic&quot;}\">\n\t\t\t\t<div class=\"elementor-element elementor-element-758c469 elementor-widget elementor-widget-heading\" data-id=\"758c469\" data-element_type=\"widget\" data-e-type=\"widget\" data-widget_type=\"heading.default\">\n\t\t\t\t<div class=\"elementor-widget-container\">\n\t\t\t\t\t<h1 class=\"elementor-heading-title elementor-size-default\">Chi Siamo<\/h1>\t\t\t\t<\/div>\n\t\t\t\t<\/div>\n\t\t\t\t<div class=\"elementor-element elementor-element-857d023 elementor-widget elementor-widget-heading\" data-id=\"857d023\" data-element_type=\"widget\" data-e-type=\"widget\" data-widget_type=\"heading.default\">\n\t\t\t\t<div class=\"elementor-widget-container\">\n\t\t\t\t\t<h6 class=\"elementor-heading-title elementor-size-default\">Lorem ipsum dolor sit amet, consectetur adipiscing elit, sed do eiusmod tempor\nincididuntut<\/h6>\t\t\t\t<\/div>\n\t\t\t\t<\/div>\n\t\t\t\t<\/div>\n\t\t<div class=\"elementor-element elementor-element-08e0e45 e-flex e-con-boxed e-con e-parent\" data-id=\"08e0e45\" data-element_type=\"container\" data-e-type=\"container\">\n\t\t\t\t\t<div class=\"e-con-inner\">\n\t\t\t\t<div class=\"elementor-element elementor-element-2279f8d elementor-widget-divider--view-line elementor-widget elementor-widget-divider\" data-id=\"2279f8d\" data-element_type=\"widget\" data-e-type=\"widget\" data-widget_type=\"divider.default\">\n\t\t\t\t<div class=\"elementor-widget-container\">\n\t\t\t\t\t\t\t<div class=\"elementor-divider\">\n\t\t\t<span class=\"elementor-divider-separator\">\n\t\t\t\t\t\t<\/span>\n\t\t<\/div>\n\t\t\t\t\t\t<\/div>\n\t\t\t\t<\/div>\n\t\t\t\t\t<\/div>\n\t\t\t\t<\/div>\n\t\t<div class=\"elementor-element elementor-element-1791def e-flex e-con-boxed e-con e-parent\" data-id=\"1791def\" data-element_type=\"container\" data-e-type=\"container\">\n\t\t\t\t\t<div class=\"e-con-inner\">\n\t\t<div class=\"elementor-element elementor-element-b04d6a9 e-con-full e-flex e-con e-child\" data-id=\"b04d6a9\" data-element_type=\"container\" data-e-type=\"container\">\n\t\t\t\t<div class=\"elementor-element elementor-element-045310c elementor-widget elementor-widget-text-editor\" data-id=\"045310c\" data-element_type=\"widget\" data-e-type=\"widget\" data-widget_type=\"text-editor.default\">\n\t\t\t\t<div class=\"elementor-widget-container\">\n\t\t\t\t\t\t\t\t\t<p><strong>LA NOSTRA AZIENDA<\/strong><\/p><p>Dal 1995 Il Business Della Produzione Di Schede Elettroniche E Degli Assemblaggi Viene Portato A Maturit\u00e0 Elevandosi Al Rango Del Gi\u00e0 Consolidato Business Dei Cablaggi.<\/p><p>Electro System nasce alla fine degli anni \u201870 sotto la ragione sociale P.E.I. (Produzione Elettronica Industriale); nel 1980 diventa S.A.C.E. (Saldatura Automatica Componenti Elettronici) per poi assumere la definitiva denominazione di Electro System nel 1995. In questo stesso anno l\u2019azienda affianca al business dei cablaggi, assemblaggi e produzione di schede elettroniche quello delle schede destinate agli apparecchi da gioco.<\/p><p>Da allora fino ad arrivare ai giorni nostri l\u2019azienda si distingue per la continua ricerca e il costante miglioramento delle proprie attrezzature e competenze.<\/p><p>Dal 2018 Electro System diventa di propriet\u00e0 100% NOVOMATIC.<\/p>\t\t\t\t\t\t\t\t<\/div>\n\t\t\t\t<\/div>\n\t\t\t\t<\/div>\n\t\t<div class=\"elementor-element elementor-element-b000522 e-con-full e-flex e-con e-child\" data-id=\"b000522\" data-element_type=\"container\" data-e-type=\"container\">\n\t\t\t\t<div class=\"elementor-element elementor-element-74102bb elementor-widget elementor-widget-image\" data-id=\"74102bb\" data-element_type=\"widget\" data-e-type=\"widget\" data-widget_type=\"image.default\">\n\t\t\t\t<div class=\"elementor-widget-container\">\n\t\t\t\t\t\t\t\t\t\t\t\t\t\t\t<img fetchpriority=\"high\" decoding=\"async\" width=\"331\" height=\"220\" src=\"https:\/\/manage-siti.novomatic.it\/wp-content\/uploads\/2023\/10\/th-servizi.jpg\" class=\"attachment-full size-full wp-image-187\" alt=\"\" srcset=\"https:\/\/manage-siti.novomatic.it\/wp-content\/uploads\/2023\/10\/th-servizi.jpg 331w, https:\/\/manage-siti.novomatic.it\/wp-content\/uploads\/2023\/10\/th-servizi-300x199.jpg 300w\" sizes=\"(max-width: 331px) 100vw, 331px\" \/>\t\t\t\t\t\t\t\t\t\t\t\t\t\t\t<\/div>\n\t\t\t\t<\/div>\n\t\t\t\t<\/div>\n\t\t\t\t\t<\/div>\n\t\t\t\t<\/div>\n\t\t<div class=\"elementor-element elementor-element-3745174 e-flex e-con-boxed e-con e-parent\" data-id=\"3745174\" data-element_type=\"container\" data-e-type=\"container\">\n\t\t\t\t\t<div class=\"e-con-inner\">\n\t\t<div class=\"elementor-element elementor-element-57d236c e-con-full e-flex e-con e-child\" data-id=\"57d236c\" data-element_type=\"container\" data-e-type=\"container\">\n\t\t\t\t<div class=\"elementor-element elementor-element-8096d7c elementor-widget elementor-widget-text-editor\" data-id=\"8096d7c\" data-element_type=\"widget\" data-e-type=\"widget\" data-widget_type=\"text-editor.default\">\n\t\t\t\t<div class=\"elementor-widget-container\">\n\t\t\t\t\t\t\t\t\t<p><strong>LA NOSTRA VISION<\/strong><\/p><p>Il mondo attuale \u00e8 contraddistinto da una evoluzione continua con alternanza di fasi talvolta relativamente lente e graduali sempre pi\u00f9 spesso interrotte da punti di svolta radicali. Cos\u00ec il mercato di domani potr\u00e0 essere molto diverso da quello di oggi. Un mercato n\u00e9 casuale n\u00e9 accidentale ma immaginato e gestito mediante l\u2019innovazione.<\/p><p>In questo scenario si trova ad operare il comparto della produzione elettronica. E\u2019 un mercato in rapida evoluzione e fortemente competitivo in cui qualit\u00e0 del servizio, competenza, flessibilit\u00e0 e velocit\u00e0 di fornitura sono fattori essenziali per generare valore al prodotto del cliente.<\/p>\t\t\t\t\t\t\t\t<\/div>\n\t\t\t\t<\/div>\n\t\t\t\t<\/div>\n\t\t<div class=\"elementor-element elementor-element-8c7916b e-con-full e-flex e-con e-child\" data-id=\"8c7916b\" data-element_type=\"container\" data-e-type=\"container\">\n\t\t\t\t<div class=\"elementor-element elementor-element-b52af77 elementor-widget elementor-widget-image\" data-id=\"b52af77\" data-element_type=\"widget\" data-e-type=\"widget\" data-widget_type=\"image.default\">\n\t\t\t\t<div class=\"elementor-widget-container\">\n\t\t\t\t\t\t\t\t\t\t\t\t\t\t\t<img fetchpriority=\"high\" decoding=\"async\" width=\"331\" height=\"220\" src=\"https:\/\/manage-siti.novomatic.it\/wp-content\/uploads\/2023\/10\/th-servizi.jpg\" class=\"attachment-full size-full wp-image-187\" alt=\"\" srcset=\"https:\/\/manage-siti.novomatic.it\/wp-content\/uploads\/2023\/10\/th-servizi.jpg 331w, https:\/\/manage-siti.novomatic.it\/wp-content\/uploads\/2023\/10\/th-servizi-300x199.jpg 300w\" sizes=\"(max-width: 331px) 100vw, 331px\" \/>\t\t\t\t\t\t\t\t\t\t\t\t\t\t\t<\/div>\n\t\t\t\t<\/div>\n\t\t\t\t<\/div>\n\t\t\t\t\t<\/div>\n\t\t\t\t<\/div>\n\t\t<div class=\"elementor-element elementor-element-26f62b4 e-con-full e-flex e-con e-parent\" data-id=\"26f62b4\" data-element_type=\"container\" data-e-type=\"container\" data-settings=\"{&quot;background_background&quot;:&quot;classic&quot;}\">\n\t\t<div class=\"elementor-element elementor-element-d02ee1f e-con-full e-flex e-con e-child\" data-id=\"d02ee1f\" data-element_type=\"container\" data-e-type=\"container\" data-settings=\"{&quot;background_background&quot;:&quot;classic&quot;}\">\n\t\t\t\t<div class=\"elementor-element elementor-element-6febc16 elementor-widget__width-initial elementor-widget elementor-widget-text-editor\" data-id=\"6febc16\" data-element_type=\"widget\" data-e-type=\"widget\" data-widget_type=\"text-editor.default\">\n\t\t\t\t<div class=\"elementor-widget-container\">\n\t\t\t\t\t\t\t\t\t<p>Tra i nostri punti di forza maggiori c\u2019\u00e8 senza dubbio la velocit\u00e0. Ecco perch\u00e9 per la produzione di circuiti stampati pcb abbiamo predisposto un servizio di preventivo rapido e gratuito, grazie al quale puoi ricevere una quotazione tempestiva. Puoi approfittare inoltre della campionatura urgente e della stampa di circuiti PCB in sole 24 ore.<\/p>\t\t\t\t\t\t\t\t<\/div>\n\t\t\t\t<\/div>\n\t\t\t\t<div class=\"elementor-element elementor-element-ce0bcce elementor-align-center elementor-widget elementor-widget-button\" data-id=\"ce0bcce\" data-element_type=\"widget\" data-e-type=\"widget\" data-widget_type=\"button.default\">\n\t\t\t\t<div class=\"elementor-widget-container\">\n\t\t\t\t\t\t\t\t\t<div class=\"elementor-button-wrapper\">\n\t\t\t\t\t<a class=\"elementor-button elementor-button-link elementor-size-sm\" href=\"#\">\n\t\t\t\t\t\t<span class=\"elementor-button-content-wrapper\">\n\t\t\t\t\t\t\t\t\t<span class=\"elementor-button-text\">RICHIEDI UN PREVENTIVO<\/span>\n\t\t\t\t\t<\/span>\n\t\t\t\t\t<\/a>\n\t\t\t\t<\/div>\n\t\t\t\t\t\t\t\t<\/div>\n\t\t\t\t<\/div>\n\t\t\t\t<\/div>\n\t\t\t\t<\/div>\n\t\t\t\t<\/div>\n\t\t","protected":false},"excerpt":{"rendered":"<p>\/*! elementor &#8211; v3.16.0 &#8211; 09-10-2023 *\/ .elementor-heading-title{padding:0;margin:0;line-height:1}.elementor-widget-heading .elementor-heading-title[class*=elementor-size-]&gt;a{color:inherit;font-size:inherit;line-height:inherit}.elementor-widget-heading .elementor-heading-title.elementor-size-small{font-size:15px}.elementor-widget-heading .elementor-heading-title.elementor-size-medium{font-size:19px}.elementor-widget-heading .elementor-heading-title.elementor-size-large{font-size:29px}.elementor-widget-heading .elementor-heading-title.elementor-size-xl{font-size:39px}.elementor-widget-heading .elementor-heading-title.elementor-size-xxl{font-size:59px} Chi Siamo Lorem ipsum dolor sit amet, consectetur adipiscing elit, sed do eiusmod tempor incididuntut \/*! elementor &#8211; v3.16.0 &#8211; 09-10-2023 *\/ .elementor-widget-divider{&#8211;divider-border-style:none;&#8211;divider-border-width:1px;&#8211;divider-color:#0c0d0e;&#8211;divider-icon-size:20px;&#8211;divider-element-spacing:10px;&#8211;divider-pattern-height:24px;&#8211;divider-pattern-size:20px;&#8211;divider-pattern-url:none;&#8211;divider-pattern-repeat:repeat-x}.elementor-widget-divider .elementor-divider{display:flex}.elementor-widget-divider .elementor-divider__text{font-size:15px;line-height:1;max-width:95%}.elementor-widget-divider .elementor-divider__element{margin:0 var(&#8211;divider-element-spacing);flex-shrink:0}.elementor-widget-divider .elementor-icon{font-size:var(&#8211;divider-icon-size)}.elementor-widget-divider .elementor-divider-separator{display:flex;margin:0;direction:ltr}.elementor-widget-divider&#8211;view-line_icon .elementor-divider-separator,.elementor-widget-divider&#8211;view-line_text .elementor-divider-separator{align-items:center}.elementor-widget-divider&#8211;view-line_icon .elementor-divider-separator:after,.elementor-widget-divider&#8211;view-line_icon .elementor-divider-separator:before,.elementor-widget-divider&#8211;view-line_text .elementor-divider-separator:after,.elementor-widget-divider&#8211;view-line_text .elementor-divider-separator:before{display:block;content:&#8221;&#8221;;border-bottom:0;flex-grow:1;border-top:var(&#8211;divider-border-width) var(&#8211;divider-border-style) var(&#8211;divider-color)}.elementor-widget-divider&#8211;element-align-left .elementor-divider .elementor-divider-separator&gt;.elementor-divider__svg:first-of-type{flex-grow:0;flex-shrink:100}.elementor-widget-divider&#8211;element-align-left .elementor-divider-separator:before{content:none}.elementor-widget-divider&#8211;element-align-left .elementor-divider__element{margin-left:0}.elementor-widget-divider&#8211;element-align-right [&hellip;]<\/p>\n","protected":false},"author":3,"featured_media":0,"parent":0,"menu_order":0,"comment_status":"closed","ping_status":"closed","template":"","meta":{"_monsterinsights_skip_tracking":false,"_monsterinsights_sitenote_active":false,"_monsterinsights_sitenote_note":"","_monsterinsights_sitenote_category":0,"footnotes":""},"class_list":["post-24","page","type-page","status-publish","hentry"],"_links":{"self":[{"href":"https:\/\/manage-siti.novomatic.it\/index.php?rest_route=\/wp\/v2\/pages\/24","targetHints":{"allow":["GET"]}}],"collection":[{"href":"https:\/\/manage-siti.novomatic.it\/index.php?rest_route=\/wp\/v2\/pages"}],"about":[{"href":"https:\/\/manage-siti.novomatic.it\/index.php?rest_route=\/wp\/v2\/types\/page"}],"author":[{"embeddable":true,"href":"https:\/\/manage-siti.novomatic.it\/index.php?rest_route=\/wp\/v2\/users\/3"}],"replies":[{"embeddable":true,"href":"https:\/\/manage-siti.novomatic.it\/index.php?rest_route=%2Fwp%2Fv2%2Fcomments&post=24"}],"version-history":[{"count":62,"href":"https:\/\/manage-siti.novomatic.it\/index.php?rest_route=\/wp\/v2\/pages\/24\/revisions"}],"predecessor-version":[{"id":421,"href":"https:\/\/manage-siti.novomatic.it\/index.php?rest_route=\/wp\/v2\/pages\/24\/revisions\/421"}],"wp:attachment":[{"href":"https:\/\/manage-siti.novomatic.it\/index.php?rest_route=%2Fwp%2Fv2%2Fmedia&parent=24"}],"curies":[{"name":"wp","href":"https:\/\/api.w.org\/{rel}","templated":true}]}}